{"id":94,"date":"2025-09-26T11:16:38","date_gmt":"2025-09-26T11:16:38","guid":{"rendered":"https:\/\/dprostor.si\/?page_id=94"},"modified":"2025-10-12T20:10:17","modified_gmt":"2025-10-12T20:10:17","slug":"o-samem-prostoru","status":"publish","type":"page","link":"https:\/\/dprostor.si\/index.php\/o-samem-prostoru\/","title":{"rendered":"O prostoru"},"content":{"rendered":"\t\t<div data-elementor-type=\"wp-page\" data-elementor-id=\"94\" class=\"elementor elementor-94\" data-elementor-post-type=\"page\">\n\t\t\t\t<div class=\"elementor-element elementor-element-545f6a5c e-flex e-con-boxed e-con e-parent\" data-id=\"545f6a5c\" data-element_type=\"container\">\n\t\t\t\t\t<div class=\"e-con-inner\">\n\t\t\t\t<div class=\"elementor-element elementor-element-7d388c04 elementor-widget elementor-widget-text-editor\" data-id=\"7d388c04\" data-element_type=\"widget\" data-widget_type=\"text-editor.default\">\n\t\t\t\t\t\t\t\t\t\n<p>Dobrodo\u0161li v <strong>D prostoru<\/strong> \u2013 novem vsestranskem prostoru v <strong>stari industrijski coni Alprem<\/strong>, v osr\u010dju Kamnika, ki bo vrata odprl oktobra 2026. Na\u0161a lokacija omogo\u010da <strong>enostaven dostop do centra mesta Kamnik<\/strong> in iz vseh okoli\u0161kih predelov, hkrati pa je prostor dovolj umaknjen, da zagotavlja <strong>ve\u010djo zasebnost in spro\u0161\u010deno vzdu\u0161je<\/strong>, tudi ob glasnej\u0161ih dogodkih.<\/p>\n\n\n\n<p>D prostor je del <strong>\u0161portno aktivnega centra Stari Alprem<\/strong>, v neposredni bli\u017eini pa se nahajajo <strong>Plezalni klub Kamnik, Skate park, Pool dance \u0161ola, glasbeni studio<\/strong> in druge \u0161portne ter ustvarjalne aktivnosti, kar ustvarja \u017eivahno in dinami\u010dno okolje.<\/p>\n\n\n\n<p>Na voljo so <strong>dva velika prostora<\/strong>, vsak pribli\u017eno 60 m\u00b2. Eden je opremljen s kuhinjo, primeren za pripravo hrane, pogostitve ali prigrizkov, drugi pa je namenjen odprtemu dru\u017eenju, \u0161portu ali dogodkom. Prostore je mogo\u010de povezati ali pregraditi z drsnimi vrati, kar omogo\u010da fleksibilno razporeditev glede na vrsto dogodka. Poleg tega ima prostor <strong>lastne sanitarije<\/strong>, kar zagotavlja udobje in samostojnost.<\/p>\n\n\n\n<p>Za delovno ali ustvarjalno okolje smo pripravili tudi <strong>manj\u0161o coworking pisarno<\/strong>, v kateri sta na voljo dve popolnoma opremljeni delovni mesti, idealni za posameznike ali manj\u0161e ekipe, ki potrebujejo mirno in produktivno okolje.<\/p>\n\n\n\n<p>V <strong>D prostoru<\/strong> verjamemo v fleksibilnost in svobodo \u2013 prostor lahko rezervirate sami in ga uredite povsem po svojih \u017eeljah. Ne glede na to, ali organizirate <strong>zabavo, otro\u0161ko praznovanje, \u0161portno aktivnost, delavnico ali coworking dan<\/strong>, na\u0161 cilj je, da ustvarite <strong>edinstveno in nepozabno izku\u0161njo<\/strong> v prijetnem, spro\u0161\u010denem in prilagodljivem okolju.<\/p>\n\t\t\t\t\t\t\t\t<\/div>\n\t\t\t\t\t<\/div>\n\t\t\t\t<\/div>\n\t\t\t\t<\/div>\n\t\t","protected":false},"excerpt":{"rendered":"<p>Dobrodo\u0161li v D prostoru \u2013 novem vsestranskem prostoru v stari industrijski coni Alprem, v osr\u010dju Kamnika, ki bo vrata odprl oktobra 2026. Na\u0161a lokacija omogo\u010da enostaven dostop do centra mesta Kamnik in iz vseh okoli\u0161kih predelov, hkrati pa je prostor dovolj umaknjen, da zagotavlja ve\u010djo zasebnost in spro\u0161\u010deno vzdu\u0161je, tudi ob glasnej\u0161ih dogodkih. D prostor [&hellip;]<\/p>\n","protected":false},"author":1,"featured_media":0,"parent":0,"menu_order":0,"comment_status":"closed","ping_status":"closed","template":"","meta":{"footnotes":""},"class_list":["post-94","page","type-page","status-publish","hentry"],"_links":{"self":[{"href":"https:\/\/dprostor.si\/index.php\/wp-json\/wp\/v2\/pages\/94","targetHints":{"allow":["GET"]}}],"collection":[{"href":"https:\/\/dprostor.si\/index.php\/wp-json\/wp\/v2\/pages"}],"about":[{"href":"https:\/\/dprostor.si\/index.php\/wp-json\/wp\/v2\/types\/page"}],"author":[{"embeddable":true,"href":"https:\/\/dprostor.si\/index.php\/wp-json\/wp\/v2\/users\/1"}],"replies":[{"embeddable":true,"href":"https:\/\/dprostor.si\/index.php\/wp-json\/wp\/v2\/comments?post=94"}],"version-history":[{"count":5,"href":"https:\/\/dprostor.si\/index.php\/wp-json\/wp\/v2\/pages\/94\/revisions"}],"predecessor-version":[{"id":331,"href":"https:\/\/dprostor.si\/index.php\/wp-json\/wp\/v2\/pages\/94\/revisions\/331"}],"wp:attachment":[{"href":"https:\/\/dprostor.si\/index.php\/wp-json\/wp\/v2\/media?parent=94"}],"curies":[{"name":"wp","href":"https:\/\/api.w.org\/{rel}","templated":true}]}}