{"id":84,"date":"2025-09-26T11:07:55","date_gmt":"2025-09-26T11:07:55","guid":{"rendered":"https:\/\/dprostor.si\/?page_id=84"},"modified":"2025-10-12T20:11:32","modified_gmt":"2025-10-12T20:11:32","slug":"rekreacija","status":"publish","type":"page","link":"https:\/\/dprostor.si\/index.php\/rekreacija\/","title":{"rendered":"Rekreacija"},"content":{"rendered":"\t\t<div data-elementor-type=\"wp-page\" data-elementor-id=\"84\" class=\"elementor elementor-84\" data-elementor-post-type=\"page\">\n\t\t\t\t<div class=\"elementor-element elementor-element-3298c0dc e-flex e-con-boxed e-con e-parent\" data-id=\"3298c0dc\" data-element_type=\"container\">\n\t\t\t\t\t<div class=\"e-con-inner\">\n\t\t\t\t<div class=\"elementor-element elementor-element-12efe0b1 elementor-widget elementor-widget-text-editor\" data-id=\"12efe0b1\" data-element_type=\"widget\" data-widget_type=\"text-editor.default\">\n\t\t\t\t\t\t\t\t\t<p><\/p>\n<p>Namizni tenis, Pikado, box in \u0161portne aktivnosti<\/p>\n<p><\/p>\n<p><strong>D prostor<\/strong> ponuja idealne pogoje za rekreacijo in \u0161portne aktivnosti. Manj\u0161a dvorana je primerna za namizni tenis, box, pilates ali druge \u0161portne programe, velik prostor s kuhinjo pa omogo\u010da osve\u017eilne premore ali lahek prigrizek.<\/p>\n<p><\/p>\n<p>Najem prostora je popolnoma prilagodljiv \u2013 stranke ga lahko rezervirajo po svojih \u017eeljah in uredijo za svoje treninge ali \u0161portne dogodke. Samo dolo\u010dite, kako \u017eelite razporediti opremo, mize in \u0161portne rekvizite. <strong>D prostor<\/strong> vam omogo\u010da, da ustvarite aktivno in spro\u0161\u010deno vzdu\u0161je po svoji meri. neki<\/p>\n<p><\/p>\n<p><\/p>\t\t\t\t\t\t\t\t<\/div>\n\t\t\t\t\t<\/div>\n\t\t\t\t<\/div>\n\t\t\t\t<\/div>\n\t\t","protected":false},"excerpt":{"rendered":"<p>Namizni tenis, Pikado, box in \u0161portne aktivnosti D prostor ponuja idealne pogoje za rekreacijo in \u0161portne aktivnosti. Manj\u0161a dvorana je primerna za namizni tenis, box, pilates ali druge \u0161portne programe, velik prostor s kuhinjo pa omogo\u010da osve\u017eilne premore ali lahek prigrizek. Najem prostora je popolnoma prilagodljiv \u2013 stranke ga lahko rezervirajo po svojih \u017eeljah in [&hellip;]<\/p>\n","protected":false},"author":1,"featured_media":0,"parent":0,"menu_order":0,"comment_status":"closed","ping_status":"closed","template":"","meta":{"footnotes":""},"class_list":["post-84","page","type-page","status-publish","hentry"],"_links":{"self":[{"href":"https:\/\/dprostor.si\/index.php\/wp-json\/wp\/v2\/pages\/84","targetHints":{"allow":["GET"]}}],"collection":[{"href":"https:\/\/dprostor.si\/index.php\/wp-json\/wp\/v2\/pages"}],"about":[{"href":"https:\/\/dprostor.si\/index.php\/wp-json\/wp\/v2\/types\/page"}],"author":[{"embeddable":true,"href":"https:\/\/dprostor.si\/index.php\/wp-json\/wp\/v2\/users\/1"}],"replies":[{"embeddable":true,"href":"https:\/\/dprostor.si\/index.php\/wp-json\/wp\/v2\/comments?post=84"}],"version-history":[{"count":8,"href":"https:\/\/dprostor.si\/index.php\/wp-json\/wp\/v2\/pages\/84\/revisions"}],"predecessor-version":[{"id":343,"href":"https:\/\/dprostor.si\/index.php\/wp-json\/wp\/v2\/pages\/84\/revisions\/343"}],"wp:attachment":[{"href":"https:\/\/dprostor.si\/index.php\/wp-json\/wp\/v2\/media?parent=84"}],"curies":[{"name":"wp","href":"https:\/\/api.w.org\/{rel}","templated":true}]}}